{"id":666,"date":"2024-05-09T15:44:20","date_gmt":"2024-05-09T13:44:20","guid":{"rendered":"https:\/\/www.tradexsrl.com\/it\/?page_id=666"},"modified":"2025-09-10T10:38:43","modified_gmt":"2025-09-10T08:38:43","slug":"stampanti-etichette-a-colori","status":"publish","type":"page","link":"https:\/\/www.tradexsrl.com\/it\/stampanti-etichette-a-colori\/","title":{"rendered":"Stampanti etichette a colori"},"content":{"rendered":"<section class=\"text-cta-block wp-block-acf-text-cta-block-template\">\n    <div class=\"container\">\n        <div class=\"row justify-content-center\">\n            <div class=\"col-lg-12\">\n                                <div class=\"elementor-element elementor-element-7bcfc75 elementor-widget elementor-widget-heading\" data-id=\"7bcfc75\" data-element_type=\"widget\" data-widget_type=\"heading.default\">\n<div class=\"elementor-widget-container\">\n<h2 class=\"h2\">Stampanti etichette a colori<\/h2>\n<div class=\"text-wrap\">\n<div>\n<p>In questa pagina approfondiremo:<\/p>\n<ul>\n<li><a href=\"https:\/\/www.tradexsrl.com\/it\/stampanti-etichette-a-colori#etichette-colori-tecnologie\"><u>Quali sono le tecnologie utilizzate per la stampa di etichette a colori<\/u><\/a><\/li>\n<li><a href=\"https:\/\/www.tradexsrl.com\/it\/stampanti-etichette-a-colori#usare-stampante-etichette\"><u>L&#8217;utilit\u00e0 di una stampante per etichette a colori per un&#8217;azienda<\/u><\/a><\/li>\n<li><a href=\"https:\/\/www.tradexsrl.com\/it\/stampanti-etichette-a-colori#risparmio-stampa-etichette\"><u>Si risparmia stampando le etichette adesive in casa?<\/u><\/a>\n<ul>\n<li><a href=\"https:\/\/www.tradexsrl.com\/it\/stampanti-etichette-a-colori#vantaggi\"><u>I vantaggi di avere una stampante di etichette a colori per una PMI<\/u><\/a><\/li>\n<\/ul>\n<\/li>\n<li><a href=\"https:\/\/www.tradexsrl.com\/it\/stampanti-etichette-a-colori#la-gamma-tradex-stampanti-etichette\"><u>La gamma Tradex di stampanti per etichette in bobina<\/u><\/a><\/li>\n<\/ul>\n<\/div>\n<\/div>\n<h2 class=\"elementor-heading-title elementor-size-default\">Quali sono le tecnologie di stampa di etichette a colori?<\/h2>\n<\/div>\n<\/div>\n<div class=\"elementor-element elementor-element-c4ae388 elementor-widget elementor-widget-text-editor\" data-id=\"c4ae388\" data-element_type=\"widget\" data-widget_type=\"text-editor.default\">\n<div class=\"elementor-widget-container\">\n<ol>\n<li><em><strong>Flexo<\/strong><\/em><strong>.<\/strong>\u00a0Rappresenta il metodo pi\u00f9 diffuso ed utilizzato nei centri stampa per produrre etichette primarie \u2013 ossia etichette destinate ai prodotti. I limiti delle stampanti per etichette adesive che impiegano questa tecnologia possono\u00a0essere sia di carattere qualitativo che pratico. Se da una parte \u00e8 sconsigliabile stampare etichette a colori con contenuti fotografici a causa del limitato PMS* disponibile, d\u2019altro canto bisogna tener conto che queste stampanti di etichette a colori richiedono\u00a0una discreta manualit\u00e0 e tempo per le operazioni di allineamento e messa in stampa del lavoro. Generalmente la stampa flexografica viene utilizzata per routine lavorative di almeno 10.000 etichette uguali per volta. * PMS = Pantone Matching Systems<\/li>\n<li><em><strong>Offset<\/strong><\/em><strong>.<\/strong>\u00a0Come per la tecnologia flexo, le stampanti di etichette a colori che usano tecnologia\u00a0offset si addicono\u00a0a lunghe routine lavorative e generalmente vengono utilizzate, invece che per le etichette in rotolo, per la stampa a fogli.<\/li>\n<li><em><strong>Digitale<\/strong><\/em><strong>.<\/strong>\u00a0Tecnologia all\u2019avanguardia che ha sicuramente risolto i problemi legati alle basse tirature e\u00a0alla stampa dei dati variabili. Rimane lo scoglio dell\u2019investimento che, con gli oltre 100.000 \u20ac per una stampante, rimane a totale appannaggio dei soli operatori professionali del settore stampa.<\/li>\n<li><em><strong>Trasferimento termico a colori<\/strong><\/em><strong>.<\/strong>\u00a0Le macchine di etichette adesive che utilizzano il trasferimento termico offrono sicuramente\u00a0i vantaggi della stampa dei dati variabili e delle basse tirature ma non ha la stessa qualit\u00e0 della stampa Offset in quanto la risoluzione \u00e8 limitata ai 200 massimo 400 dpi*. * dpi = Dot per Inch.<\/li>\n<li><em><strong>Stampa laser a colori<\/strong><\/em><strong>.<\/strong>\u00a0Questa tecnologia nasce per la stampa di etichette su foglio singolo e non sono disponibili in commercio molti modelli in grado di stampare su materiale continuo come i rotoli di etichette. Limitata scelta di substrati su cui stampare e fonte laser che richiede manutenzioni straordinarie quando utilizzata per stampare su prodotti contenenti sostanze adesive.<\/li>\n<li><em><strong>Stampa ink jet a colori<\/strong><\/em><strong>.<\/strong>\u00a0Metodo di stampa che si basa sulla tecnologia thermal inkjet, ha molti anni di esperienza di utilizzo in casa, uffici\u00a0e strutture professionali per la stampa fotografica e dei poster di medio\u2013piccolo formato. A distanza di anni, le stampanti di etichette a colori che usano questa tecnologia, grazie all\u2019impegno di alcuni produttori che hanno creduto fortemente nello sviluppo del canale di stampa interno delle aziende, sono divenute le vere protagoniste della stampa on\u2013demand di etichette a colori di ottima qualit\u00e0. Se da una parte la qualit\u00e0 \u00e8 sempre stata altissima \u2013 circa 240 volte migliore di una stampa flexo \u2013\u00a0i substrati sui quali stampare sono andati man mano aumentando cos\u00ec come la velocit\u00e0 di stampa e la resistenza degli stampati agli agenti atmosferici ed ai raggi UV.<\/li>\n<\/ol>\n<\/div>\n<\/div>\n<div class=\"elementor-element elementor-element-9a8ed0c elementor-widget elementor-widget-text-editor\" data-id=\"9a8ed0c\" data-element_type=\"widget\" data-widget_type=\"text-editor.default\">\n<div class=\"elementor-widget-container\">\n<h2 id=\"usare-stampante-etichette\">Perch\u00e9 usare una stampante\u00a0etichette a colori in azienda?<\/h2>\n<p>Perch\u00e9 consente la\u00a0<strong>gestione di piccoli lotti di produzione<\/strong>\u00a0e\u00a0la stampa di etichette personalizzate per ogni esigenza, anche sporadica, di prodotto. In parole semplici \u2026 per stampare solo quello che serve quando serve.<\/p>\n<p style=\"text-align: center;\"><img decoding=\"async\" src=\"\/it\/wp-content\/uploads\/2024\/09\/stampante-etichette-a-colori.i10362-kI0Ok7a-w600-l1-n1.png\" alt=\"stampante-etichette-a-colori\" \/><\/p>\n<h2 id=\"risparmio-stampa-etichette\">Si risparmia stampando le etichette adesive in casa?<\/h2>\n<p><strong>S\u00ec, soprattutto su tirature medio basse<\/strong>. Il controllo della stampa elimina le tempistiche di approvvigionamento, consente un pi\u00f9 stretto controllo sui costi delle materie prime utilizzate e si eliminano gli stock di etichette prestampate e non pi\u00f9 utilizzabili. Possedere una propria stampante per etichette in bobina, a colori, permette di\u00a0raggiungere \u2013 finalmente \u2013 una\u00a0<strong>elevata personalizzazione<\/strong>\u00a0sull\u2019etichettatura dei prodotti anche per tirature ridotte.<\/p>\n<p>&nbsp;<\/p>\n<h4 id=\"vantaggi\">I vantaggi della stampante di etichette per una PMI<\/h4>\n<p>Con una stampante di etichette adesive, la\u00a0<strong>piccola\u2013media impresa<\/strong>\u00a0riesce, a fronte di un investimento minimo, a differenziare l\u2019etichettatura del suo prodotto. Tuttavia non mancano i casi di grandi realt\u00e0 produttive che affiancano alla stampa esterna una produzione interna di etichette per la validazione dei nuovi prodotti, per le campagne promozionali oppure per edizioni limitate destinate ad eventi speciali.<\/p>\n<p>Vale per tutti la regola che stampare etichette di qualit\u00e0, nella quantit\u00e0 desiderata ma soprattutto solo e quando servono, rappresenta\u00a0<strong>un modo per ottimizzare le gestione economica<\/strong>\u00a0dei servizi legati all\u2019etichettatura dei prodotti e degli imballi secondari.<\/p>\n<h2 id=\"la-gamma-tradex-stampanti-etichette\">La nostra gamma di stampanti per etichette in bobina<\/h2>\n<p>Questi sono i motivi che hanno spinto Tradex a cercare sul mercato internazionale delle\u00a0<strong>soluzioni di stampa a colori scalabili<\/strong>\u00a0in grado di rispondere alle pi\u00f9 esigenti necessit\u00e0 di stampa di qualit\u00e0. Le\u00a0<strong><a href=\"https:\/\/www.tradexsrl.com\/it\/approfondimenti\/stampanti-per-etichette-industriali-la-gamma-tradex\">stampanti per etichette industriali\u00a0<\/a>a colori Tradex\u00a0<\/strong>permettono:<\/p>\n<ul>\n<li>Di stampare piccole e medio\u2013grandi tirature<\/li>\n<li>Alte velocit\u00e0 di stampa<\/li>\n<li>Ottima qualit\u00e0 fotografica<\/li>\n<li>Gestione dei dati variabili<\/li>\n<li>Su etichette di piccolo e medio grande formato \u2013 fino a 200mm di larghezza<\/li>\n<li>Su etichette in carta e materiale sintetico<\/li>\n<li>Applicazioni standard oppure resistenti alle lunghe esposizioni ai raggi UV ed ambienti di stoccaggio particolarmente umidi.<\/li>\n<\/ul>\n<p>Scopri di pi\u00f9 sulle nostre\u00a0stampanti per etichette in bobina.<\/p>\n<\/div>\n<\/div>\n            <\/div>\n        <\/div>\n    <\/div>\n<\/section>\n\n<section id=\"contact-us\" class=\"contact-form-block wp-block-acf-contact-form-block-template\">\n    <div class=\"container\">\n        <div class=\"row justify-content-center\">\n            <div class=\"col-lg-12\">\n                <h2>Vuoi maggiori informazioni?<\/h2>\n                <div class=\"subtitle\">\n                    <p><strong>Contattaci, un nostro responsabile ti risponder\u00e0 al pi\u00f9 presto!<\/strong><br>Richiedi un preventivo gratuito, una campionatura o un test di stampa direttamente sulla tua linea di produzione.<\/p>                <\/div>\n                <form id=\"contact-form\" class=\"mt-5\" action=\"\">\n                    <div class=\"row\">\n                        <div class=\"col-md-6 mt-3\">\n                            <div class=\"form-group\">\n                                <label for=\"contact-name\">Nome e Cognome *<\/label>\n                                <input class=\"form-control\" type=\"text\" id=\"contact-name\" required>\n                            <\/div>\n                        <\/div>\n                        <div class=\"col-md-6 mt-3\">\n                            <div class=\"form-group\">\n                                <label for=\"contact-company\">Azienda *<\/label>\n                                <input class=\"form-control\" type=\"text\" id=\"contact-company\" required>\n                            <\/div>\n                        <\/div>\n                        <div class=\"col-md-6 mt-3\">\n                            <div class=\"form-group\">\n                                <label for=\"contact-email\">Email *<\/label>\n                                <input class=\"form-control\" type=\"email\" id=\"contact-email\" required>\n                            <\/div>\n                        <\/div>\n                        <div class=\"col-md-6 mt-3\">\n                            <div class=\"form-group\">\n                                <label for=\"contact-phone\">Telefono *<\/label>\n                                <input class=\"form-control\" id=\"contact-phone\" type=\"phone\" required>\n                            <\/div>\n                        <\/div>\n                        <div class=\"col-md-12 mt-3\">\n                            <div class=\"form-group\">\n                                <label for=\"contact-message\">Note *<\/label>\n                                <textarea class=\"form-control\" id=\"contact-message\" rows=\"5\" required><\/textarea>\n                            <\/div>\n                        <\/div>\n                        <div class=\"col-lg-6 mt-3 mb-lg-5\">\n                            <div class=\"form-check\">\n                                <input class=\"form-check-input\" required type=\"checkbox\" value=\"yes\" id=\"contact-privacy\">\n                                <label class=\"form-check-label\" for=\"contact-privacy\">\n                                    Consento al trattamento dei miei dati personali ai sensi dell&#8217;art. 13 del Regolamento UE n. 2016\/679 (<a target=\"_blank\" href=\"https:\/\/www.iubenda.com\/privacy-policy\/73238819\">Privacy policy<\/a>)                                 <\/label>\n                            <\/div>\n                        <\/div>\n                        <div class=\"col-lg-6 mt-3 mb-5\">\n                            <div class=\"form-check\">\n                                <input class=\"form-check-input\" type=\"checkbox\" value=\"yes\" id=\"contact-marketing\">\n                                <label class=\"form-check-label\" for=\"contact-marketing\">\n                                    Autorizzo il trattamento dei dati personali per l&#8217;invio di materiale informativo e pubblicitario come indicato nella <a target=\"_blank\" href=\"https:\/\/www.iubenda.com\/privacy-policy\/73238819\">Privacy policy<\/a>                                 <\/label>\n                            <\/div>\n                        <\/div>\n                    <\/div>\n                    <button data-wait=\"Attendere...\" id=\"submit-btn\" class=\"btn btn-primary big-text-btn w-100\">\n                        Contattaci                    <\/button>\n                    <div id=\"message-contact-form\" class=\"alert mt-5\" style=\"display:none;\"><\/div>\n                <\/form>\n            <\/div>\n        <\/div>\n    <\/div>\n<\/section>","protected":false},"excerpt":{"rendered":"<p>In questa pagina approfondiremo: Quali sono le tecnologie utilizzate per la stampa di etichette a colori.<\/p>\n","protected":false},"author":1,"featured_media":668,"parent":0,"menu_order":0,"comment_status":"closed","ping_status":"closed","template":"template-product-subcategory.php","meta":{"footnotes":""},"class_list":["post-666","page","type-page","status-publish","has-post-thumbnail","hentry"],"yoast_head":"<!-- This site is optimized with the Yoast SEO plugin v22.6 - https:\/\/yoast.com\/wordpress\/plugins\/seo\/ -->\n<title>Stampanti Etichette Adesive a Colori | Tradex<\/title>\n<meta name=\"description\" content=\"Con Tradex puoi scegliere tra tantissime stampanti per etichette adesive a colori, migliorando produttivit\u00e0, qualit\u00e0 e ottimizzando i costi.\" \/>\n<meta name=\"robots\" content=\"index, follow, max-snippet:-1, max-image-preview:large, max-video-preview:-1\" \/>\n<link rel=\"canonical\" href=\"https:\/\/www.tradexsrl.com\/it\/stampanti-etichette-a-colori\/\" \/>\n<meta property=\"og:locale\" content=\"it_IT\" \/>\n<meta property=\"og:type\" content=\"article\" \/>\n<meta property=\"og:title\" content=\"Stampanti Etichette Adesive a Colori | Tradex\" \/>\n<meta property=\"og:description\" content=\"Con Tradex puoi scegliere tra tantissime stampanti per etichette adesive a colori, migliorando produttivit\u00e0, qualit\u00e0 e ottimizzando i costi.\" \/>\n<meta property=\"og:url\" content=\"https:\/\/www.tradexsrl.com\/it\/stampanti-etichette-a-colori\/\" \/>\n<meta property=\"og:site_name\" content=\"Tradex\" \/>\n<meta property=\"article:modified_time\" content=\"2025-09-10T08:38:43+00:00\" \/>\n<meta property=\"og:image\" content=\"https:\/\/www.tradexsrl.com\/it\/wp-content\/uploads\/2024\/05\/QuickLabel-QL-120D.228.png\" \/>\n\t<meta property=\"og:image:width\" content=\"2560\" \/>\n\t<meta property=\"og:image:height\" content=\"1440\" \/>\n\t<meta property=\"og:image:type\" content=\"image\/png\" \/>\n<meta name=\"twitter:card\" content=\"summary_large_image\" \/>\n<meta name=\"twitter:label1\" content=\"Tempo di lettura stimato\" \/>\n\t<meta name=\"twitter:data1\" content=\"1 minuto\" \/>\n<script type=\"application\/ld+json\" class=\"yoast-schema-graph\">{\"@context\":\"https:\/\/schema.org\",\"@graph\":[{\"@type\":\"WebPage\",\"@id\":\"https:\/\/www.tradexsrl.com\/it\/stampanti-etichette-a-colori\/\",\"url\":\"https:\/\/www.tradexsrl.com\/it\/stampanti-etichette-a-colori\/\",\"name\":\"Stampanti Etichette Adesive a Colori | Tradex\",\"isPartOf\":{\"@id\":\"http:\/\/www.tradexsrl.com\/it\/#website\"},\"primaryImageOfPage\":{\"@id\":\"https:\/\/www.tradexsrl.com\/it\/stampanti-etichette-a-colori\/#primaryimage\"},\"image\":{\"@id\":\"https:\/\/www.tradexsrl.com\/it\/stampanti-etichette-a-colori\/#primaryimage\"},\"thumbnailUrl\":\"https:\/\/www.tradexsrl.com\/it\/wp-content\/uploads\/2024\/05\/QuickLabel-QL-120D.228.png\",\"datePublished\":\"2024-05-09T13:44:20+00:00\",\"dateModified\":\"2025-09-10T08:38:43+00:00\",\"description\":\"Con Tradex puoi scegliere tra tantissime stampanti per etichette adesive a colori, migliorando produttivit\u00e0, qualit\u00e0 e ottimizzando i costi.\",\"breadcrumb\":{\"@id\":\"https:\/\/www.tradexsrl.com\/it\/stampanti-etichette-a-colori\/#breadcrumb\"},\"inLanguage\":\"it-IT\",\"potentialAction\":[{\"@type\":\"ReadAction\",\"target\":[\"https:\/\/www.tradexsrl.com\/it\/stampanti-etichette-a-colori\/\"]}]},{\"@type\":\"ImageObject\",\"inLanguage\":\"it-IT\",\"@id\":\"https:\/\/www.tradexsrl.com\/it\/stampanti-etichette-a-colori\/#primaryimage\",\"url\":\"https:\/\/www.tradexsrl.com\/it\/wp-content\/uploads\/2024\/05\/QuickLabel-QL-120D.228.png\",\"contentUrl\":\"https:\/\/www.tradexsrl.com\/it\/wp-content\/uploads\/2024\/05\/QuickLabel-QL-120D.228.png\",\"width\":2560,\"height\":1440,\"caption\":\"Stampanti etichette a colori Quick Label\"},{\"@type\":\"BreadcrumbList\",\"@id\":\"https:\/\/www.tradexsrl.com\/it\/stampanti-etichette-a-colori\/#breadcrumb\",\"itemListElement\":[{\"@type\":\"ListItem\",\"position\":1,\"name\":\"Tradex\",\"item\":\"https:\/\/www.tradexsrl.com\/it\/\"},{\"@type\":\"ListItem\",\"position\":2,\"name\":\"Stampanti etichette a colori\"}]},{\"@type\":\"WebSite\",\"@id\":\"http:\/\/www.tradexsrl.com\/it\/#website\",\"url\":\"http:\/\/www.tradexsrl.com\/it\/\",\"name\":\"Tradex\",\"description\":\"Marcatura laser e inkjet, codifica, etichettatura prodotti\",\"potentialAction\":[{\"@type\":\"SearchAction\",\"target\":{\"@type\":\"EntryPoint\",\"urlTemplate\":\"http:\/\/www.tradexsrl.com\/it\/?s={search_term_string}\"},\"query-input\":\"required name=search_term_string\"}],\"inLanguage\":\"it-IT\"}]}<\/script>\n<!-- \/ Yoast SEO plugin. -->","yoast_head_json":{"title":"Stampanti Etichette Adesive a Colori | Tradex","description":"Con Tradex puoi scegliere tra tantissime stampanti per etichette adesive a colori, migliorando produttivit\u00e0, qualit\u00e0 e ottimizzando i costi.","robots":{"index":"index","follow":"follow","max-snippet":"max-snippet:-1","max-image-preview":"max-image-preview:large","max-video-preview":"max-video-preview:-1"},"canonical":"https:\/\/www.tradexsrl.com\/it\/stampanti-etichette-a-colori\/","og_locale":"it_IT","og_type":"article","og_title":"Stampanti Etichette Adesive a Colori | Tradex","og_description":"Con Tradex puoi scegliere tra tantissime stampanti per etichette adesive a colori, migliorando produttivit\u00e0, qualit\u00e0 e ottimizzando i costi.","og_url":"https:\/\/www.tradexsrl.com\/it\/stampanti-etichette-a-colori\/","og_site_name":"Tradex","article_modified_time":"2025-09-10T08:38:43+00:00","og_image":[{"width":2560,"height":1440,"url":"https:\/\/www.tradexsrl.com\/it\/wp-content\/uploads\/2024\/05\/QuickLabel-QL-120D.228.png","type":"image\/png"}],"twitter_card":"summary_large_image","twitter_misc":{"Tempo di lettura stimato":"1 minuto"},"schema":{"@context":"https:\/\/schema.org","@graph":[{"@type":"WebPage","@id":"https:\/\/www.tradexsrl.com\/it\/stampanti-etichette-a-colori\/","url":"https:\/\/www.tradexsrl.com\/it\/stampanti-etichette-a-colori\/","name":"Stampanti Etichette Adesive a Colori | Tradex","isPartOf":{"@id":"http:\/\/www.tradexsrl.com\/it\/#website"},"primaryImageOfPage":{"@id":"https:\/\/www.tradexsrl.com\/it\/stampanti-etichette-a-colori\/#primaryimage"},"image":{"@id":"https:\/\/www.tradexsrl.com\/it\/stampanti-etichette-a-colori\/#primaryimage"},"thumbnailUrl":"https:\/\/www.tradexsrl.com\/it\/wp-content\/uploads\/2024\/05\/QuickLabel-QL-120D.228.png","datePublished":"2024-05-09T13:44:20+00:00","dateModified":"2025-09-10T08:38:43+00:00","description":"Con Tradex puoi scegliere tra tantissime stampanti per etichette adesive a colori, migliorando produttivit\u00e0, qualit\u00e0 e ottimizzando i costi.","breadcrumb":{"@id":"https:\/\/www.tradexsrl.com\/it\/stampanti-etichette-a-colori\/#breadcrumb"},"inLanguage":"it-IT","potentialAction":[{"@type":"ReadAction","target":["https:\/\/www.tradexsrl.com\/it\/stampanti-etichette-a-colori\/"]}]},{"@type":"ImageObject","inLanguage":"it-IT","@id":"https:\/\/www.tradexsrl.com\/it\/stampanti-etichette-a-colori\/#primaryimage","url":"https:\/\/www.tradexsrl.com\/it\/wp-content\/uploads\/2024\/05\/QuickLabel-QL-120D.228.png","contentUrl":"https:\/\/www.tradexsrl.com\/it\/wp-content\/uploads\/2024\/05\/QuickLabel-QL-120D.228.png","width":2560,"height":1440,"caption":"Stampanti etichette a colori Quick Label"},{"@type":"BreadcrumbList","@id":"https:\/\/www.tradexsrl.com\/it\/stampanti-etichette-a-colori\/#breadcrumb","itemListElement":[{"@type":"ListItem","position":1,"name":"Tradex","item":"https:\/\/www.tradexsrl.com\/it\/"},{"@type":"ListItem","position":2,"name":"Stampanti etichette a colori"}]},{"@type":"WebSite","@id":"http:\/\/www.tradexsrl.com\/it\/#website","url":"http:\/\/www.tradexsrl.com\/it\/","name":"Tradex","description":"Marcatura laser e inkjet, codifica, etichettatura prodotti","potentialAction":[{"@type":"SearchAction","target":{"@type":"EntryPoint","urlTemplate":"http:\/\/www.tradexsrl.com\/it\/?s={search_term_string}"},"query-input":"required name=search_term_string"}],"inLanguage":"it-IT"}]}},"_links":{"self":[{"href":"https:\/\/www.tradexsrl.com\/it\/wp-json\/wp\/v2\/pages\/666","targetHints":{"allow":["GET"]}}],"collection":[{"href":"https:\/\/www.tradexsrl.com\/it\/wp-json\/wp\/v2\/pages"}],"about":[{"href":"https:\/\/www.tradexsrl.com\/it\/wp-json\/wp\/v2\/types\/page"}],"author":[{"embeddable":true,"href":"https:\/\/www.tradexsrl.com\/it\/wp-json\/wp\/v2\/users\/1"}],"replies":[{"embeddable":true,"href":"https:\/\/www.tradexsrl.com\/it\/wp-json\/wp\/v2\/comments?post=666"}],"version-history":[{"count":15,"href":"https:\/\/www.tradexsrl.com\/it\/wp-json\/wp\/v2\/pages\/666\/revisions"}],"predecessor-version":[{"id":8915,"href":"https:\/\/www.tradexsrl.com\/it\/wp-json\/wp\/v2\/pages\/666\/revisions\/8915"}],"wp:featuredmedia":[{"embeddable":true,"href":"https:\/\/www.tradexsrl.com\/it\/wp-json\/wp\/v2\/media\/668"}],"wp:attachment":[{"href":"https:\/\/www.tradexsrl.com\/it\/wp-json\/wp\/v2\/media?parent=666"}],"curies":[{"name":"wp","href":"https:\/\/api.w.org\/{rel}","templated":true}]}}