{"id":658,"date":"2024-05-09T15:36:42","date_gmt":"2024-05-09T13:36:42","guid":{"rendered":"https:\/\/www.tradexsrl.com\/it\/?page_id=658"},"modified":"2025-12-04T16:35:49","modified_gmt":"2025-12-04T15:35:49","slug":"stampanti-a-trasferimento-termico-per-etichette","status":"publish","type":"page","link":"https:\/\/www.tradexsrl.com\/it\/stampanti-a-trasferimento-termico-per-etichette\/","title":{"rendered":"Stampanti a trasferimento termico per etichette"},"content":{"rendered":"<section class=\"text-cta-block wp-block-acf-text-cta-block-template\">\n    <div class=\"container\">\n        <div class=\"row justify-content-center\">\n            <div class=\"col-lg-12\">\n                                            <\/div>\n        <\/div>\n    <\/div>\n<\/section>\n\n<section id=\"contact-us\" class=\"contact-form-block wp-block-acf-contact-form-block-template\">\n    <div class=\"container\">\n        <div class=\"row justify-content-center\">\n            <div class=\"col-lg-12\">\n                <h2>Vuoi maggiori informazioni?<\/h2>\n                <div class=\"subtitle\">\n                    <h2 class=\"h2\">Stampanti a trasferimento termico per etichette<\/h2>\n<div class=\"text-wrap\">\n<div>\n<p id=\"stampanti-codici-a-barre\">Le\u00a0<strong>stampanti a trasferimento termico\u00a0<\/strong>sono una tecnologia\u00a0per la stampa on-demand di etichette di codici a barre e,\u00a0la loro storia,<strong>\u00a0<\/strong>\u00e8 legata indissolubilmente.<\/p>\n<p>I Barcode nascono alla\u00a0met\u00e0 del secolo scorso per rendere immediatamente visibile un codice alfanumerico agli occhi elettronici dei lettori utilizzati nelle filiere produttive industriali, negli hub di stoccaggio merci e nelle grandi catene della GDO.<\/p>\n<p>Approfondiamo meglio:<\/p>\n<ul>\n<li><a href=\"https:\/\/www.tradexsrl.com\/it\/stampanti-a-trasferimento-termico-per-etichette#stampanti\"><u>Come sono cambiate le stampanti a trasferimento termico nel tempo<\/u><\/a><\/li>\n<li><a href=\"https:\/\/www.tradexsrl.com\/it\/stampanti-a-trasferimento-termico-per-etichette#tecnologia-trasferimento-termico\"><u>La tecnologia a trasferimento termico: le componenti<\/u><\/a>\n<ul>\n<li><a href=\"https:\/\/www.tradexsrl.com\/it\/stampanti-a-trasferimento-termico-per-etichette#nastro\"><u>Nastro o ribbon<\/u><\/a><\/li>\n<li><a href=\"https:\/\/www.tradexsrl.com\/it\/stampanti-a-trasferimento-termico-per-etichette#testina-di-stampa\"><u>Testina di stampa<\/u><\/a><\/li>\n<\/ul>\n<\/li>\n<li><a href=\"https:\/\/www.tradexsrl.com\/it\/stampanti-a-trasferimento-termico-per-etichette#termico-diretto\"><u>Stampanti a trasferimento termico diretto<\/u><\/a><\/li>\n<li><a href=\"https:\/\/www.tradexsrl.com\/it\/stampanti-a-trasferimento-termico-per-etichette#stampanti-desktop\"><u>Stampanti desktop<\/u><\/a><\/li>\n<li><a href=\"https:\/\/www.tradexsrl.com\/it\/stampanti-a-trasferimento-termico-per-etichette#stampanti-industriali\"><u>Stampanti industriali<\/u><\/a><\/li>\n<\/ul>\n<h3 id=\"stampanti\"><strong>Le stampanti a trasferimento termico di ieri e di oggi<\/strong><\/h3>\n<p>Molti anni dopo la prima vendita di un prodotto scansionabile\u00a0con\u00a0un codice a barre,\u00a0<em>era un pacchetto di gomme americane,<\/em>\u00a0oggi nelle moderne produzioni manifatturiere non esiste un prodotto o una fase lavorativa che non venga identificata da un Barcode.<\/p>\n<p>Seguendo questo trend, la tecnologia a trasferimento termico, nasce negli anni \u201980 per migliorare la trascrizione in formato elettronico dei caratteri kanji giapponesi.<\/p>\n<p>L\u2019unione delle due innovazioni ha\u00a0creato una liaison tecnologica caratterizzata da un rapporto qualit\u00e0\/prezzo talmente competitivo da resistere fino ai giorni nostri.<\/p>\n<p>Attualmente le\u00a0<strong>stampanti per codici a barre<\/strong>\u00a0impiegano ancora la tecnologia del trasferimento termico introdotta in origine, pur con le evoluzioni che hanno contraddistinto il settore.<\/p>\n<p>Ma quali sono le caratteristiche della\u00a0<strong>stampa a trasferimento termico<\/strong>?<\/p>\n<p>&nbsp;<\/p>\n<h2 id=\"tecnologia-trasferimento-termico\"><strong>Tecnologia a trasferimento termico<\/strong><\/h2>\n<p>Il principio utilizzato dalle stampanti a trasferimento termico per etichette si basa sulla\u00a0<strong>deposizione<\/strong>\u00a0di un\u00a0<strong>pigmento<\/strong>\u00a0<strong>colorato<\/strong>\u00a0su di una\u00a0<strong>superficie<\/strong>\u00a0<strong>piana:<\/strong>\u00a0l\u2019etichetta adesiva.<\/p>\n<p>In questo modo viene creato\u00a0un messaggio ad alto contrasto grazie a\u00a0due elementi fondamentali: il nastro inchiostrato e la testina di stampa.<\/p>\n<h3 id=\"nastro\"><strong>Nastro o ribbon<\/strong><\/h3>\n<p>Al cuore di ogni stampante termica per etichette, il<strong>\u00a0nastro inchiostrato o ribbon\u00a0<\/strong>\u00e8 un miracolo di ingegnerizzazione che vede, in una struttura a sandwich di pochi micron di spessore, diversi strati di\u00a0<strong>film flessibile e sostanze chimiche<\/strong>\u00a0che, oltre all\u2019inchiostro, vengono utilizzate come catalizzatori termici e fluidificanti per migliorare lo scorrimento del nastro e proteggere la testina di stampa.<\/p>\n<p>Di\u00a0<strong>ribbon<\/strong>\u00a0ve ne sono di\u00a0<strong>molti<\/strong>\u00a0<strong>tipi<\/strong>. Essi devono infatti garantire la perfetta adesione e resistenza su molti tipi di etichette siano esse in carta che in materiale sintetico.<\/p>\n<p>Generalizzando si pu\u00f2 affermare che il ribbon viene identificato a secondo della sua \u201cformulazione chimica\u201d ossia base cera, base mista cera\/resina o base\u00a0resina:<\/p>\n<ul>\n<li>Il\u00a0<strong>base<\/strong>\u00a0<strong>cera<\/strong>\u00a0trova le sue applicazioni nelle\u00a0stampanti a trasferimento termico per etichette in carta.<\/li>\n<li>I prodotti\u00a0<strong>cera<\/strong>\/<strong>resina<\/strong>\u00a0sono ribbon\u00a0per applicazioni speciali e possono avere diverse percentuali di cera e resina a seconda dell\u2019utilizzo.<\/li>\n<li>Il\u00a0<strong>base<\/strong>\u00a0<strong>resina<\/strong>\u00a0ha migliori caratteristiche di adesione sulle etichette sintetiche.<\/li>\n<\/ul>\n<p>&nbsp;<\/p>\n<h3 id=\"testina-di-stampa\"><strong>Testina di stampa<\/strong><\/h3>\n<p>La\u00a0<strong>testina di stampa\u00a0<\/strong>avvicina il nastro inchiostrato o ribbon della stampante a trasferimento termico all\u2019etichetta con una pressione specifica che dipende sia dal substrato su cui stampare che dalle caratteristiche del ribbon.<\/p>\n<p>Essa \u00e8 composta da numerosi\u00a0<strong>elementi elettrici miniaturizzati<\/strong>\u00a0chiamati\u00a0<strong>dots<\/strong>\u00a0che, scaldati in maniera selettiva, fanno sciogliere la porzione di inchiostro contenuto nel ribbon facendolo aderire sull\u2019etichetta.<\/p>\n<p>Sincronizzando questa operazione con la velocit\u00e0 di scorrimento dell\u2019etichetta sotto la testina, si arriva alla stampa dinamica di messaggi alfanumerici, barcode e loghi sull\u2019etichetta.<\/p>\n<p>Il valore dei\u00a0<strong>DPI<\/strong>\u00a0(<strong>dot per inch)<\/strong>\u00a0indica la\u00a0<strong>risoluzione<\/strong>\u00a0della stampante per codici a barre, che generalmente \u00e8 di 200, 300 e 600 dpi. Quanti pi\u00f9 dots vi sono nella testina di stampa tanto pi\u00f9 \u00e8 accurato il messaggio stampato.<\/p>\n<p><img decoding=\"async\" src=\"https:\/\/www.tradexsrl.com\/it\/wp-content\/uploads\/2024\/09\/serie-eos.i12885-kZMSRS8-w1000-h1000-l1-n1.png\" alt=\"stampante termica\" \/><\/p>\n<h2 id=\"termico-diretto\"><strong>Termico diretto<\/strong><\/h2>\n<p>La\u00a0<strong>stampa termica diretta\u00a0<\/strong>sfrutta la stessa tecnologia appena citata\u00a0<strong>senza<\/strong>\u00a0per\u00f2 utilizzare il\u00a0<strong>nastro<\/strong>\u00a0inchiostrato.<\/p>\n<p>La stampante termica diretta utilizza \u201c<strong>etichette termiche<\/strong>\u201d che, appositamente trattate chimicamente, quando sottoposte a fonti di calore,\u00a0<strong>cambiano<\/strong>\u00a0<strong>colore<\/strong>. La testina di stampa, a diretto contatto con l\u2019etichetta termica, \u00e8 in grado di stampare messaggi monocromatici ad alto contrasto del tutto simili a quelli stampati con il ribbon.<\/p>\n<p>Tuttavia le etichette termiche in virt\u00f9 della loro caratteristica sensibilit\u00e0 alle temperature non hanno un\u2019alta resistenza nel tempo.<\/p>\n<p>L\u2019utilizzo di questa tecnologia infatti \u00e8\u00a0<strong>circoscritta<\/strong>\u00a0a quelle applicazioni che non necessitano di una lunga durata e resistenza delle etichette:\u00a0<strong>scontrini fiscali, etichettatura di prodotti direttamente nei supermercati<\/strong>, ecc\u2026<\/p>\n<p><em>Ma come vengono classificate le stampanti a trasferimento termico per etichette presenti in commercio?<\/em><\/p>\n<p>&nbsp;<\/p>\n<h2 id=\"stampanti-desktop\"><strong>Stampanti desktop<\/strong><\/h2>\n<p>Caratterizzate\u00a0da una struttura\u00a0<strong>essenziale<\/strong>\u00a0ed\u00a0<strong>elegante<\/strong>, queste stampanti termiche per etichette sono generalmente racchiuse in\u00a0<strong>involucri<\/strong>\u00a0<strong>leggeri<\/strong>\u00a0e funzionali, generalmente ABS o policarbonato, che ben si adattano ad una collocazione in\u00a0<strong>ufficio<\/strong>,\u00a0<strong>ambienti<\/strong>\u00a0<strong>pubblici<\/strong>\u00a0ed\u00a0<strong>attivit\u00e0<\/strong>\u00a0commerciali.<\/p>\n<p>Le caratteristiche tecniche delle stampanti a trasferimento termico desktop sono tali da soddisfare\u00a0<strong>limitate necessit\u00e0 di stampa,<\/strong>\u00a0sia in ordine di numero di etichette stampate, che di velocit\u00e0 e qualit\u00e0 di stampa.<\/p>\n<p>Pur riscontrando sempre pi\u00f9 casi di stampanti desktop con caratteristiche tecniche tali da sfiorare i pi\u00f9 performanti modelli industriali, le desktop stampano solo etichette la cui\u00a0<strong>larghezza massima \u00e8 di 4 pollici\u00a0<\/strong>ed hanno generalmente risoluzioni di stampa da\u00a0<strong>200<\/strong>\u00a0a\u00a0<strong>300 dpi,\u00a0<\/strong>velocit\u00e0 inferiori ai 200 mm\/sec\u00a0e connettivit\u00e0 limitata alle sole prese USB ed RS232.<\/p>\n<p>Quasi sempre,\u00a0queste stampanti a trasferimento termico, contengono rotoli di etichette con diametro massimo inferiore ai 200 mm e non hanno elementi opzionali di pregio quali il riavvolgitore interno oppure i dispositivi di ribbon saver.<\/p>\n<p><img decoding=\"async\" src=\"https:\/\/www.tradexsrl.com\/it\/wp-content\/uploads\/2024\/09\/stampante-termica.i12884-kCuxe0R-w1000-h1000-l1-n1.jpg\" alt=\"stampante termica desktop\" \/><\/p>\n<h2 id=\"stampanti-industriali\"><strong>Stampanti industriali<\/strong><\/h2>\n<p>Chassis in\u00a0<strong>robusta<\/strong>\u00a0<strong>lamiera<\/strong>\u00a0stampata,\u00a0<strong>motorizzazioni<\/strong>\u00a0<strong>sovradimensionate<\/strong>, larghi spazi interni per ospitare\u00a0<strong>grandi rotoli di etichette e di ribbon<\/strong>\u00a0oltre alla possibilit\u00e0 di stampare etichette di grande formato.<\/p>\n<p>Oltre i\u00a04 pollici\u00a0sono disponibili anche nella versione da 6\u00a0e 8 pollici (definite\u00a0stampanti a trasferimento termico largo formato),\u00a0sono le caratteristiche fisiche pi\u00f9 evidenti delle stampanti a trasferimento termico per etichette ad uso industriale.<\/p>\n<p><img decoding=\"async\" src=\"https:\/\/www.tradexsrl.com\/it\/wp-content\/uploads\/2024\/09\/industria-top.i12883-kZK5Igc-w1000-h1000-l1-n1.png\" alt=\"stampante termica industriale\" \/><\/p>\n<p>Le velocit\u00e0 di stampa superano abbondantemente i\u00a0<strong>300 mm\/sec,<\/strong>\u00a0la definizione arriva a\u00a0<strong>600<\/strong>\u00a0<strong>dpi<\/strong>\u00a0e la connettivit\u00e0 \u00e8 ai massimi livelli grazie alle GPIO port, alla presa ethernet ed al collegamento wi-fi.<\/p>\n<p>Gli innumerevoli opzionali disponibili e la possibilit\u00e0 di integrazione in sistemi P&amp;A,\u00a0<strong>print e\u00a0apply o stampa e applica,<\/strong>\u00a0completano il quadro delle stampanti\u00a0 a trasferimento termico industriali.<\/p>\n<p>Negli ultimi anni sono stati sviluppati anche progetti specifici per\u00a0<strong>determinati<\/strong>\u00a0<strong>comparti<\/strong>\u00a0produttivi quali\u00a0la stampa fronte retro delle\u00a0<strong>fettucce<\/strong>\u00a0di composizione per il settore\u00a0<strong>tessile<\/strong>, la stampa\u00a0<strong>bicolore<\/strong>\u00a0per il settore\u00a0<strong>chimico<\/strong>, e di\u00a0<strong>sfogliatori<\/strong>\u00a0per la stampa di\u00a0<strong>cartellini<\/strong>\u00a0<strong>rigidi<\/strong>.<\/p>\n<\/div>\n<\/div>\n                <\/div>\n                <form id=\"contact-form\" class=\"mt-5\" action=\"\">\n                    <div class=\"row\">\n                        <div class=\"col-md-6 mt-3\">\n                            <div class=\"form-group\">\n                                <label for=\"contact-name\">Nome e Cognome *<\/label>\n                                <input class=\"form-control\" type=\"text\" id=\"contact-name\" required>\n                            <\/div>\n                        <\/div>\n                        <div class=\"col-md-6 mt-3\">\n                            <div class=\"form-group\">\n                                <label for=\"contact-company\">Azienda *<\/label>\n                                <input class=\"form-control\" type=\"text\" id=\"contact-company\" required>\n                            <\/div>\n                        <\/div>\n                        <div class=\"col-md-6 mt-3\">\n                            <div class=\"form-group\">\n                                <label for=\"contact-email\">Email *<\/label>\n                                <input class=\"form-control\" type=\"email\" id=\"contact-email\" required>\n                            <\/div>\n                        <\/div>\n                        <div class=\"col-md-6 mt-3\">\n                            <div class=\"form-group\">\n                                <label for=\"contact-phone\">Telefono *<\/label>\n                                <input class=\"form-control\" id=\"contact-phone\" type=\"phone\" required>\n                            <\/div>\n                        <\/div>\n                        <div class=\"col-md-12 mt-3\">\n                            <div class=\"form-group\">\n                                <label for=\"contact-message\">Note *<\/label>\n                                <textarea class=\"form-control\" id=\"contact-message\" rows=\"5\" required><\/textarea>\n                            <\/div>\n                        <\/div>\n                        <div class=\"col-lg-6 mt-3 mb-lg-5\">\n                            <div class=\"form-check\">\n                                <input class=\"form-check-input\" required type=\"checkbox\" value=\"yes\" id=\"contact-privacy\">\n                                <label class=\"form-check-label\" for=\"contact-privacy\">\n                                    Consento al trattamento dei miei dati personali ai sensi dell&#8217;art. 13 del Regolamento UE n. 2016\/679 (<a target=\"_blank\" href=\"https:\/\/www.iubenda.com\/privacy-policy\/73238819\">Privacy policy<\/a>)                                 <\/label>\n                            <\/div>\n                        <\/div>\n                        <div class=\"col-lg-6 mt-3 mb-5\">\n                            <div class=\"form-check\">\n                                <input class=\"form-check-input\" type=\"checkbox\" value=\"yes\" id=\"contact-marketing\">\n                                <label class=\"form-check-label\" for=\"contact-marketing\">\n                                    Autorizzo il trattamento dei dati personali per l&#8217;invio di materiale informativo e pubblicitario come indicato nella <a target=\"_blank\" href=\"https:\/\/www.iubenda.com\/privacy-policy\/73238819\">Privacy policy<\/a>                                 <\/label>\n                            <\/div>\n                        <\/div>\n                    <\/div>\n                    <button data-wait=\"Attendere...\" id=\"submit-btn\" class=\"btn btn-primary big-text-btn w-100\">\n                        Contattaci                    <\/button>\n                    <div id=\"message-contact-form\" class=\"alert mt-5\" style=\"display:none;\"><\/div>\n                <\/form>\n            <\/div>\n        <\/div>\n    <\/div>\n<\/section>","protected":false},"excerpt":{"rendered":"<p>Le stampanti a trasferimento termico sono una tecnologia per la stampa on-demand di etichette di codici a barre e, la loro storia, \u00e8 legata indisso\u2026<\/p>\n","protected":false},"author":1,"featured_media":659,"parent":0,"menu_order":0,"comment_status":"closed","ping_status":"closed","template":"template-product-subcategory.php","meta":{"footnotes":""},"class_list":["post-658","page","type-page","status-publish","has-post-thumbnail","hentry"],"yoast_head":"<!-- This site is optimized with the Yoast SEO plugin v22.6 - https:\/\/yoast.com\/wordpress\/plugins\/seo\/ -->\n<title>Scopri le stampanti a trasferimento termico per etichette<\/title>\n<meta name=\"description\" content=\"Le stampanti a trasferimento termico per etichette sono stampanti monocromatiche che sfruttano il riscaldamento dei dot posizionati sulla testina.\" \/>\n<meta name=\"robots\" content=\"index, follow, max-snippet:-1, max-image-preview:large, max-video-preview:-1\" \/>\n<link rel=\"canonical\" href=\"https:\/\/www.tradexsrl.com\/it\/stampanti-a-trasferimento-termico-per-etichette\/\" \/>\n<meta property=\"og:locale\" content=\"it_IT\" \/>\n<meta property=\"og:type\" content=\"article\" \/>\n<meta property=\"og:title\" content=\"Scopri le stampanti a trasferimento termico per etichette\" \/>\n<meta property=\"og:description\" content=\"Le stampanti a trasferimento termico per etichette sono stampanti monocromatiche che sfruttano il riscaldamento dei dot posizionati sulla testina.\" \/>\n<meta property=\"og:url\" content=\"https:\/\/www.tradexsrl.com\/it\/stampanti-a-trasferimento-termico-per-etichette\/\" \/>\n<meta property=\"og:site_name\" content=\"Tradex\" \/>\n<meta property=\"article:modified_time\" content=\"2025-12-04T15:35:49+00:00\" \/>\n<meta property=\"og:image\" content=\"https:\/\/www.tradexsrl.com\/it\/wp-content\/uploads\/2024\/05\/SQUIX-4.1.png\" \/>\n\t<meta property=\"og:image:width\" content=\"2560\" \/>\n\t<meta property=\"og:image:height\" content=\"1440\" \/>\n\t<meta property=\"og:image:type\" content=\"image\/png\" \/>\n<meta name=\"twitter:card\" content=\"summary_large_image\" \/>\n<meta name=\"twitter:label1\" content=\"Tempo di lettura stimato\" \/>\n\t<meta name=\"twitter:data1\" content=\"1 minuto\" \/>\n<script type=\"application\/ld+json\" class=\"yoast-schema-graph\">{\"@context\":\"https:\/\/schema.org\",\"@graph\":[{\"@type\":\"WebPage\",\"@id\":\"https:\/\/www.tradexsrl.com\/it\/stampanti-a-trasferimento-termico-per-etichette\/\",\"url\":\"https:\/\/www.tradexsrl.com\/it\/stampanti-a-trasferimento-termico-per-etichette\/\",\"name\":\"Scopri le stampanti a trasferimento termico per etichette\",\"isPartOf\":{\"@id\":\"http:\/\/www.tradexsrl.com\/it\/#website\"},\"primaryImageOfPage\":{\"@id\":\"https:\/\/www.tradexsrl.com\/it\/stampanti-a-trasferimento-termico-per-etichette\/#primaryimage\"},\"image\":{\"@id\":\"https:\/\/www.tradexsrl.com\/it\/stampanti-a-trasferimento-termico-per-etichette\/#primaryimage\"},\"thumbnailUrl\":\"https:\/\/www.tradexsrl.com\/it\/wp-content\/uploads\/2024\/05\/SQUIX-4.1.png\",\"datePublished\":\"2024-05-09T13:36:42+00:00\",\"dateModified\":\"2025-12-04T15:35:49+00:00\",\"description\":\"Le stampanti a trasferimento termico per etichette sono stampanti monocromatiche che sfruttano il riscaldamento dei dot posizionati sulla testina.\",\"breadcrumb\":{\"@id\":\"https:\/\/www.tradexsrl.com\/it\/stampanti-a-trasferimento-termico-per-etichette\/#breadcrumb\"},\"inLanguage\":\"it-IT\",\"potentialAction\":[{\"@type\":\"ReadAction\",\"target\":[\"https:\/\/www.tradexsrl.com\/it\/stampanti-a-trasferimento-termico-per-etichette\/\"]}]},{\"@type\":\"ImageObject\",\"inLanguage\":\"it-IT\",\"@id\":\"https:\/\/www.tradexsrl.com\/it\/stampanti-a-trasferimento-termico-per-etichette\/#primaryimage\",\"url\":\"https:\/\/www.tradexsrl.com\/it\/wp-content\/uploads\/2024\/05\/SQUIX-4.1.png\",\"contentUrl\":\"https:\/\/www.tradexsrl.com\/it\/wp-content\/uploads\/2024\/05\/SQUIX-4.1.png\",\"width\":2560,\"height\":1440,\"caption\":\"Stampanti a trasferimento termico per etichette Squix\"},{\"@type\":\"BreadcrumbList\",\"@id\":\"https:\/\/www.tradexsrl.com\/it\/stampanti-a-trasferimento-termico-per-etichette\/#breadcrumb\",\"itemListElement\":[{\"@type\":\"ListItem\",\"position\":1,\"name\":\"Tradex\",\"item\":\"https:\/\/www.tradexsrl.com\/it\/\"},{\"@type\":\"ListItem\",\"position\":2,\"name\":\"Stampanti a trasferimento termico per etichette\"}]},{\"@type\":\"WebSite\",\"@id\":\"http:\/\/www.tradexsrl.com\/it\/#website\",\"url\":\"http:\/\/www.tradexsrl.com\/it\/\",\"name\":\"Tradex\",\"description\":\"Marcatura laser e inkjet, codifica, etichettatura prodotti\",\"potentialAction\":[{\"@type\":\"SearchAction\",\"target\":{\"@type\":\"EntryPoint\",\"urlTemplate\":\"http:\/\/www.tradexsrl.com\/it\/?s={search_term_string}\"},\"query-input\":\"required name=search_term_string\"}],\"inLanguage\":\"it-IT\"}]}<\/script>\n<!-- \/ Yoast SEO plugin. -->","yoast_head_json":{"title":"Scopri le stampanti a trasferimento termico per etichette","description":"Le stampanti a trasferimento termico per etichette sono stampanti monocromatiche che sfruttano il riscaldamento dei dot posizionati sulla testina.","robots":{"index":"index","follow":"follow","max-snippet":"max-snippet:-1","max-image-preview":"max-image-preview:large","max-video-preview":"max-video-preview:-1"},"canonical":"https:\/\/www.tradexsrl.com\/it\/stampanti-a-trasferimento-termico-per-etichette\/","og_locale":"it_IT","og_type":"article","og_title":"Scopri le stampanti a trasferimento termico per etichette","og_description":"Le stampanti a trasferimento termico per etichette sono stampanti monocromatiche che sfruttano il riscaldamento dei dot posizionati sulla testina.","og_url":"https:\/\/www.tradexsrl.com\/it\/stampanti-a-trasferimento-termico-per-etichette\/","og_site_name":"Tradex","article_modified_time":"2025-12-04T15:35:49+00:00","og_image":[{"width":2560,"height":1440,"url":"https:\/\/www.tradexsrl.com\/it\/wp-content\/uploads\/2024\/05\/SQUIX-4.1.png","type":"image\/png"}],"twitter_card":"summary_large_image","twitter_misc":{"Tempo di lettura stimato":"1 minuto"},"schema":{"@context":"https:\/\/schema.org","@graph":[{"@type":"WebPage","@id":"https:\/\/www.tradexsrl.com\/it\/stampanti-a-trasferimento-termico-per-etichette\/","url":"https:\/\/www.tradexsrl.com\/it\/stampanti-a-trasferimento-termico-per-etichette\/","name":"Scopri le stampanti a trasferimento termico per etichette","isPartOf":{"@id":"http:\/\/www.tradexsrl.com\/it\/#website"},"primaryImageOfPage":{"@id":"https:\/\/www.tradexsrl.com\/it\/stampanti-a-trasferimento-termico-per-etichette\/#primaryimage"},"image":{"@id":"https:\/\/www.tradexsrl.com\/it\/stampanti-a-trasferimento-termico-per-etichette\/#primaryimage"},"thumbnailUrl":"https:\/\/www.tradexsrl.com\/it\/wp-content\/uploads\/2024\/05\/SQUIX-4.1.png","datePublished":"2024-05-09T13:36:42+00:00","dateModified":"2025-12-04T15:35:49+00:00","description":"Le stampanti a trasferimento termico per etichette sono stampanti monocromatiche che sfruttano il riscaldamento dei dot posizionati sulla testina.","breadcrumb":{"@id":"https:\/\/www.tradexsrl.com\/it\/stampanti-a-trasferimento-termico-per-etichette\/#breadcrumb"},"inLanguage":"it-IT","potentialAction":[{"@type":"ReadAction","target":["https:\/\/www.tradexsrl.com\/it\/stampanti-a-trasferimento-termico-per-etichette\/"]}]},{"@type":"ImageObject","inLanguage":"it-IT","@id":"https:\/\/www.tradexsrl.com\/it\/stampanti-a-trasferimento-termico-per-etichette\/#primaryimage","url":"https:\/\/www.tradexsrl.com\/it\/wp-content\/uploads\/2024\/05\/SQUIX-4.1.png","contentUrl":"https:\/\/www.tradexsrl.com\/it\/wp-content\/uploads\/2024\/05\/SQUIX-4.1.png","width":2560,"height":1440,"caption":"Stampanti a trasferimento termico per etichette Squix"},{"@type":"BreadcrumbList","@id":"https:\/\/www.tradexsrl.com\/it\/stampanti-a-trasferimento-termico-per-etichette\/#breadcrumb","itemListElement":[{"@type":"ListItem","position":1,"name":"Tradex","item":"https:\/\/www.tradexsrl.com\/it\/"},{"@type":"ListItem","position":2,"name":"Stampanti a trasferimento termico per etichette"}]},{"@type":"WebSite","@id":"http:\/\/www.tradexsrl.com\/it\/#website","url":"http:\/\/www.tradexsrl.com\/it\/","name":"Tradex","description":"Marcatura laser e inkjet, codifica, etichettatura prodotti","potentialAction":[{"@type":"SearchAction","target":{"@type":"EntryPoint","urlTemplate":"http:\/\/www.tradexsrl.com\/it\/?s={search_term_string}"},"query-input":"required name=search_term_string"}],"inLanguage":"it-IT"}]}},"_links":{"self":[{"href":"https:\/\/www.tradexsrl.com\/it\/wp-json\/wp\/v2\/pages\/658","targetHints":{"allow":["GET"]}}],"collection":[{"href":"https:\/\/www.tradexsrl.com\/it\/wp-json\/wp\/v2\/pages"}],"about":[{"href":"https:\/\/www.tradexsrl.com\/it\/wp-json\/wp\/v2\/types\/page"}],"author":[{"embeddable":true,"href":"https:\/\/www.tradexsrl.com\/it\/wp-json\/wp\/v2\/users\/1"}],"replies":[{"embeddable":true,"href":"https:\/\/www.tradexsrl.com\/it\/wp-json\/wp\/v2\/comments?post=658"}],"version-history":[{"count":16,"href":"https:\/\/www.tradexsrl.com\/it\/wp-json\/wp\/v2\/pages\/658\/revisions"}],"predecessor-version":[{"id":11325,"href":"https:\/\/www.tradexsrl.com\/it\/wp-json\/wp\/v2\/pages\/658\/revisions\/11325"}],"wp:featuredmedia":[{"embeddable":true,"href":"https:\/\/www.tradexsrl.com\/it\/wp-json\/wp\/v2\/media\/659"}],"wp:attachment":[{"href":"https:\/\/www.tradexsrl.com\/it\/wp-json\/wp\/v2\/media?parent=658"}],"curies":[{"name":"wp","href":"https:\/\/api.w.org\/{rel}","templated":true}]}}