{"id":591,"date":"2024-05-09T14:45:02","date_gmt":"2024-05-09T12:45:02","guid":{"rendered":"https:\/\/www.tradexsrl.com\/it\/?page_id=591"},"modified":"2024-09-26T12:26:19","modified_gmt":"2024-09-26T10:26:19","slug":"marcatori-portatili-manuali","status":"publish","type":"page","link":"https:\/\/www.tradexsrl.com\/it\/marcatori-portatili-manuali\/","title":{"rendered":"Marcatori portatili\/manuali"},"content":{"rendered":"<section class=\"text-cta-block wp-block-acf-text-cta-block-template\">\n    <div class=\"container\">\n        <div class=\"row justify-content-center\">\n            <div class=\"col-lg-12\">\n                                <h2 class=\"h2\">Marcatori portatili\/manuali<\/h2>\n<div class=\"text-wrap\">\n<div>\n<p>Ecco di seguito i principali marcatori portatili acquistabili da Tradex, i loro vantaggi e le caratteristiche.<\/p>\n<p>&nbsp;<\/p>\n<h2>Marcatore manuale X1 JET HP<\/h2>\n<p>Si tratta di un\u00a0<a href=\"https:\/\/www.tradexsrl.com\/it\/prodotti\/marcatura-a-getto-d-inchiostro\/marcatori-portatili-manuali\/marcatore-portatile-x1jet-hp-handhold\">marcatore manuale microcarattere a cartuccia<\/a>\u00a0con<strong>\u00a0risoluzione fino a 12,5 mm\u00a0<\/strong>dal design compatto e leggero. Le batterie di lunga durata fanno s\u00ec che il marcatore possa essere utilizzato per lunghi periodi di tempo,\u00a0<strong>principalmente su polistirolo e metalli<\/strong>.<\/p>\n<p>I maggiori campi di utilizzo di questo marcatore inkjet manuale sono i settori:<\/p>\n<ul>\n<li>dolciario<\/li>\n<li>tessile<\/li>\n<li>farmaceutico<\/li>\n<li>enologico e distilleria<\/li>\n<li>packaging<\/li>\n<li>trasporto e logistica<\/li>\n<\/ul>\n<p>&nbsp;<\/p>\n<h2>Marcatore portatile TD 7 e TD 10<\/h2>\n<p>Estremamente versatili\u00a0e concepiti\u00a0per le lavorazioni fuori linea, il\u00a0<a href=\"https:\/\/www.tradexsrl.com\/it\/prodotti\/marcatura-a-getto-d-inchiostro\/marcatori-portatili-manuali\/marcatore-portatile-td-7\">marcatore portatile TD 7<\/a>\u00a0e il\u00a0<a href=\"https:\/\/www.tradexsrl.com\/it\/marcatori-portatili\/marcatore-portatile-td-10\">marcatore portatile TD 10<\/a>\u00a0sono\u00a0<strong>compatibili\u00a0con inchiostri differenti<\/strong>\u00a0per la marcatura di:<\/p>\n<ul>\n<li>cartone<\/li>\n<li>prodotti plastici (PP, PET, HDPE)<\/li>\n<li>tubi<\/li>\n<li>cavi<\/li>\n<li>metalli<\/li>\n<\/ul>\n<p>La particolarit\u00e0 di questi\u00a0marcatori\u00a0portatili\u00a0risiede nel fatto che, oltre al classico utilizzo da software o chiavetta, \u00e8 dotato di un\u00a0<strong>Touch Screen da 4.3\u201d<\/strong>, dove si possono inserire i messaggi desiderati e trasferirli immediatamente sul prodotto.<\/p>\n<p>Differenziano per altezza di stampa massima, il TD 7 arriva fino a 12,5 mm, il TD 10 a 25 mm.<\/p>\n<p>&nbsp;<\/p>\n<h2>I marcatori inkjet manuali: pratici ed economici<\/h2>\n<p>La\u00a0<strong>batteria a lunga durata, insieme alla leggerezza e alla maneggevolezza,<\/strong>\u00a0consente di utilizzare i nostri marcatori inkjet manuali anche per\u00a0<strong>molte ore di lavoro<\/strong>, mantenendo sempre alta la<strong>\u00a0definizione<\/strong>\u00a0dei caratteri stampati. La variet\u00e0 di messaggi stampabili \u00e8 cos\u00ec ampia da comprendere anche\u00a0<strong>loghi complessi, immagini\u00a0e QR code<\/strong>, realizzati semplicemente facendo scorrere il marcatore manuale sulla superficie del prodotto.<\/p>\n<p>&nbsp;<\/p>\n<h2>Marcatori portatili: una variet\u00e0 di applicazioni<\/h2>\n<p>I marcatori portatili possono stampare su superfici piane porose e non porose:\u00a0<strong>carta, cartone, plastica, legno e vetro<\/strong>, ma anche tubi, cavi o metalli. Ottimi anche come\u00a0<a href=\"https:\/\/www.tradexsrl.com\/it\/applicazioni\/polistirolo\">marcatori per polistirolo<\/a>.<\/p>\n<p>I marcatori portatili servono per riportare testi, numeri progressivi, codici alfanumerici, numeri seriali, date di scadenza o di produzione, loghi, dati variabili, Barcode e QR Code su una moltitudine di prodotti.<\/p>\n<p>Sono cos\u00ec utilizzati\u00a0in\u00a0<strong>numerosi settori diversi<\/strong>, offrendo risultati professionali e ad alta definizione, pur nell&#8217;utilizzo manuale che li contraddistingue:<\/p>\n<ul>\n<li>alimentare<\/li>\n<li>bevande<\/li>\n<li>cosmetico<\/li>\n<li>chimico-farmaceutico<\/li>\n<li>cartotecnica<\/li>\n<li>tessile<\/li>\n<li>packaging<\/li>\n<li>trasporto e logistica<\/li>\n<\/ul>\n<p>&nbsp;<\/p>\n<\/div>\n<\/div>\n            <\/div>\n        <\/div>\n    <\/div>\n<\/section>\n\n<section id=\"contact-us\" class=\"contact-form-block wp-block-acf-contact-form-block-template\">\n    <div class=\"container\">\n        <div class=\"row justify-content-center\">\n            <div class=\"col-lg-12\">\n                <h2>Vuoi maggiori informazioni?<\/h2>\n                <div class=\"subtitle\">\n                    <p><strong>Contattaci, un nostro responsabile ti risponder\u00e0 al pi\u00f9 presto!<\/strong><br>Richiedi un preventivo gratuito, una campionatura o un test di stampa direttamente sulla tua linea di produzione.<\/p>                <\/div>\n                <form id=\"contact-form\" class=\"mt-5\" action=\"\">\n                    <div class=\"row\">\n                        <div class=\"col-md-6 mt-3\">\n                            <div class=\"form-group\">\n                                <label for=\"contact-name\">Nome e Cognome *<\/label>\n                                <input class=\"form-control\" type=\"text\" id=\"contact-name\" required>\n                            <\/div>\n                        <\/div>\n                        <div class=\"col-md-6 mt-3\">\n                            <div class=\"form-group\">\n                                <label for=\"contact-company\">Azienda *<\/label>\n                                <input class=\"form-control\" type=\"text\" id=\"contact-company\" required>\n                            <\/div>\n                        <\/div>\n                        <div class=\"col-md-6 mt-3\">\n                            <div class=\"form-group\">\n                                <label for=\"contact-email\">Email *<\/label>\n                                <input class=\"form-control\" type=\"email\" id=\"contact-email\" required>\n                            <\/div>\n                        <\/div>\n                        <div class=\"col-md-6 mt-3\">\n                            <div class=\"form-group\">\n                                <label for=\"contact-phone\">Telefono *<\/label>\n                                <input class=\"form-control\" id=\"contact-phone\" type=\"phone\" required>\n                            <\/div>\n                        <\/div>\n                        <div class=\"col-md-12 mt-3\">\n                            <div class=\"form-group\">\n                                <label for=\"contact-message\">Note *<\/label>\n                                <textarea class=\"form-control\" id=\"contact-message\" rows=\"5\" required><\/textarea>\n                            <\/div>\n                        <\/div>\n                        <div class=\"col-lg-6 mt-3 mb-lg-5\">\n                            <div class=\"form-check\">\n                                <input class=\"form-check-input\" required type=\"checkbox\" value=\"yes\" id=\"contact-privacy\">\n                                <label class=\"form-check-label\" for=\"contact-privacy\">\n                                    Consento al trattamento dei miei dati personali ai sensi dell&#8217;art. 13 del Regolamento UE n. 2016\/679 (<a target=\"_blank\" href=\"https:\/\/www.iubenda.com\/privacy-policy\/73238819\">Privacy policy<\/a>)                                 <\/label>\n                            <\/div>\n                        <\/div>\n                        <div class=\"col-lg-6 mt-3 mb-5\">\n                            <div class=\"form-check\">\n                                <input class=\"form-check-input\" type=\"checkbox\" value=\"yes\" id=\"contact-marketing\">\n                                <label class=\"form-check-label\" for=\"contact-marketing\">\n                                    Autorizzo il trattamento dei dati personali per l&#8217;invio di materiale informativo e pubblicitario come indicato nella <a target=\"_blank\" href=\"https:\/\/www.iubenda.com\/privacy-policy\/73238819\">Privacy policy<\/a>                                 <\/label>\n                            <\/div>\n                        <\/div>\n                    <\/div>\n                    <button data-wait=\"Attendere...\" id=\"submit-btn\" class=\"btn btn-primary big-text-btn w-100\">\n                        Contattaci                    <\/button>\n                    <div id=\"message-contact-form\" class=\"alert mt-5\" style=\"display:none;\"><\/div>\n                <\/form>\n            <\/div>\n        <\/div>\n    <\/div>\n<\/section>","protected":false},"excerpt":{"rendered":"<p>I marcatori Inkjet manuali, o portatili, sono la soluzione ideale per eseguire operazioni di marcatura veloci senza bisogno di installazioni fisse.<\/p>\n","protected":false},"author":1,"featured_media":592,"parent":0,"menu_order":0,"comment_status":"closed","ping_status":"closed","template":"template-product-subcategory.php","meta":{"footnotes":""},"class_list":["post-591","page","type-page","status-publish","has-post-thumbnail","hentry"],"yoast_head":"<!-- This site is optimized with the Yoast SEO plugin v22.6 - https:\/\/yoast.com\/wordpress\/plugins\/seo\/ -->\n<title>Marcatori portatili manuali | Tradex<\/title>\n<meta name=\"description\" content=\"I marcatori inkjet manuali sono marcatori portatili che garantiscono risultati veloci e definiti, anche senza installazione fissa. Contattaci per un test gratuito.\" \/>\n<meta name=\"robots\" content=\"index, follow, max-snippet:-1, max-image-preview:large, max-video-preview:-1\" \/>\n<link rel=\"canonical\" href=\"https:\/\/www.tradexsrl.com\/it\/marcatori-portatili-manuali\/\" \/>\n<meta property=\"og:locale\" content=\"it_IT\" \/>\n<meta property=\"og:type\" content=\"article\" \/>\n<meta property=\"og:title\" content=\"Marcatori portatili manuali | Tradex\" \/>\n<meta property=\"og:description\" content=\"I marcatori inkjet manuali sono marcatori portatili che garantiscono risultati veloci e definiti, anche senza installazione fissa. Contattaci per un test gratuito.\" \/>\n<meta property=\"og:url\" content=\"https:\/\/www.tradexsrl.com\/it\/marcatori-portatili-manuali\/\" \/>\n<meta property=\"og:site_name\" content=\"Tradex\" \/>\n<meta property=\"article:modified_time\" content=\"2024-09-26T10:26:19+00:00\" \/>\n<meta property=\"og:image\" content=\"https:\/\/www.tradexsrl.com\/it\/wp-content\/uploads\/2024\/05\/TD10-Portatile.1.png\" \/>\n\t<meta property=\"og:image:width\" content=\"2560\" \/>\n\t<meta property=\"og:image:height\" content=\"1440\" \/>\n\t<meta property=\"og:image:type\" content=\"image\/png\" \/>\n<meta name=\"twitter:card\" content=\"summary_large_image\" \/>\n<meta name=\"twitter:label1\" content=\"Tempo di lettura stimato\" \/>\n\t<meta name=\"twitter:data1\" content=\"1 minuto\" \/>\n<script type=\"application\/ld+json\" class=\"yoast-schema-graph\">{\"@context\":\"https:\/\/schema.org\",\"@graph\":[{\"@type\":\"WebPage\",\"@id\":\"https:\/\/www.tradexsrl.com\/it\/marcatori-portatili-manuali\/\",\"url\":\"https:\/\/www.tradexsrl.com\/it\/marcatori-portatili-manuali\/\",\"name\":\"Marcatori portatili manuali | Tradex\",\"isPartOf\":{\"@id\":\"http:\/\/www.tradexsrl.com\/it\/#website\"},\"primaryImageOfPage\":{\"@id\":\"https:\/\/www.tradexsrl.com\/it\/marcatori-portatili-manuali\/#primaryimage\"},\"image\":{\"@id\":\"https:\/\/www.tradexsrl.com\/it\/marcatori-portatili-manuali\/#primaryimage\"},\"thumbnailUrl\":\"https:\/\/www.tradexsrl.com\/it\/wp-content\/uploads\/2024\/05\/TD10-Portatile.1.png\",\"datePublished\":\"2024-05-09T12:45:02+00:00\",\"dateModified\":\"2024-09-26T10:26:19+00:00\",\"description\":\"I marcatori inkjet manuali sono marcatori portatili che garantiscono risultati veloci e definiti, anche senza installazione fissa. Contattaci per un test gratuito.\",\"breadcrumb\":{\"@id\":\"https:\/\/www.tradexsrl.com\/it\/marcatori-portatili-manuali\/#breadcrumb\"},\"inLanguage\":\"it-IT\",\"potentialAction\":[{\"@type\":\"ReadAction\",\"target\":[\"https:\/\/www.tradexsrl.com\/it\/marcatori-portatili-manuali\/\"]}]},{\"@type\":\"ImageObject\",\"inLanguage\":\"it-IT\",\"@id\":\"https:\/\/www.tradexsrl.com\/it\/marcatori-portatili-manuali\/#primaryimage\",\"url\":\"https:\/\/www.tradexsrl.com\/it\/wp-content\/uploads\/2024\/05\/TD10-Portatile.1.png\",\"contentUrl\":\"https:\/\/www.tradexsrl.com\/it\/wp-content\/uploads\/2024\/05\/TD10-Portatile.1.png\",\"width\":2560,\"height\":1440,\"caption\":\"Marcatore portatile TD10\"},{\"@type\":\"BreadcrumbList\",\"@id\":\"https:\/\/www.tradexsrl.com\/it\/marcatori-portatili-manuali\/#breadcrumb\",\"itemListElement\":[{\"@type\":\"ListItem\",\"position\":1,\"name\":\"Tradex\",\"item\":\"https:\/\/www.tradexsrl.com\/it\/\"},{\"@type\":\"ListItem\",\"position\":2,\"name\":\"Marcatori portatili\/manuali\"}]},{\"@type\":\"WebSite\",\"@id\":\"http:\/\/www.tradexsrl.com\/it\/#website\",\"url\":\"http:\/\/www.tradexsrl.com\/it\/\",\"name\":\"Tradex\",\"description\":\"Marcatura laser e inkjet, codifica, etichettatura prodotti\",\"potentialAction\":[{\"@type\":\"SearchAction\",\"target\":{\"@type\":\"EntryPoint\",\"urlTemplate\":\"http:\/\/www.tradexsrl.com\/it\/?s={search_term_string}\"},\"query-input\":\"required name=search_term_string\"}],\"inLanguage\":\"it-IT\"}]}<\/script>\n<!-- \/ Yoast SEO plugin. -->","yoast_head_json":{"title":"Marcatori portatili manuali | Tradex","description":"I marcatori inkjet manuali sono marcatori portatili che garantiscono risultati veloci e definiti, anche senza installazione fissa. Contattaci per un test gratuito.","robots":{"index":"index","follow":"follow","max-snippet":"max-snippet:-1","max-image-preview":"max-image-preview:large","max-video-preview":"max-video-preview:-1"},"canonical":"https:\/\/www.tradexsrl.com\/it\/marcatori-portatili-manuali\/","og_locale":"it_IT","og_type":"article","og_title":"Marcatori portatili manuali | Tradex","og_description":"I marcatori inkjet manuali sono marcatori portatili che garantiscono risultati veloci e definiti, anche senza installazione fissa. Contattaci per un test gratuito.","og_url":"https:\/\/www.tradexsrl.com\/it\/marcatori-portatili-manuali\/","og_site_name":"Tradex","article_modified_time":"2024-09-26T10:26:19+00:00","og_image":[{"width":2560,"height":1440,"url":"https:\/\/www.tradexsrl.com\/it\/wp-content\/uploads\/2024\/05\/TD10-Portatile.1.png","type":"image\/png"}],"twitter_card":"summary_large_image","twitter_misc":{"Tempo di lettura stimato":"1 minuto"},"schema":{"@context":"https:\/\/schema.org","@graph":[{"@type":"WebPage","@id":"https:\/\/www.tradexsrl.com\/it\/marcatori-portatili-manuali\/","url":"https:\/\/www.tradexsrl.com\/it\/marcatori-portatili-manuali\/","name":"Marcatori portatili manuali | Tradex","isPartOf":{"@id":"http:\/\/www.tradexsrl.com\/it\/#website"},"primaryImageOfPage":{"@id":"https:\/\/www.tradexsrl.com\/it\/marcatori-portatili-manuali\/#primaryimage"},"image":{"@id":"https:\/\/www.tradexsrl.com\/it\/marcatori-portatili-manuali\/#primaryimage"},"thumbnailUrl":"https:\/\/www.tradexsrl.com\/it\/wp-content\/uploads\/2024\/05\/TD10-Portatile.1.png","datePublished":"2024-05-09T12:45:02+00:00","dateModified":"2024-09-26T10:26:19+00:00","description":"I marcatori inkjet manuali sono marcatori portatili che garantiscono risultati veloci e definiti, anche senza installazione fissa. Contattaci per un test gratuito.","breadcrumb":{"@id":"https:\/\/www.tradexsrl.com\/it\/marcatori-portatili-manuali\/#breadcrumb"},"inLanguage":"it-IT","potentialAction":[{"@type":"ReadAction","target":["https:\/\/www.tradexsrl.com\/it\/marcatori-portatili-manuali\/"]}]},{"@type":"ImageObject","inLanguage":"it-IT","@id":"https:\/\/www.tradexsrl.com\/it\/marcatori-portatili-manuali\/#primaryimage","url":"https:\/\/www.tradexsrl.com\/it\/wp-content\/uploads\/2024\/05\/TD10-Portatile.1.png","contentUrl":"https:\/\/www.tradexsrl.com\/it\/wp-content\/uploads\/2024\/05\/TD10-Portatile.1.png","width":2560,"height":1440,"caption":"Marcatore portatile TD10"},{"@type":"BreadcrumbList","@id":"https:\/\/www.tradexsrl.com\/it\/marcatori-portatili-manuali\/#breadcrumb","itemListElement":[{"@type":"ListItem","position":1,"name":"Tradex","item":"https:\/\/www.tradexsrl.com\/it\/"},{"@type":"ListItem","position":2,"name":"Marcatori portatili\/manuali"}]},{"@type":"WebSite","@id":"http:\/\/www.tradexsrl.com\/it\/#website","url":"http:\/\/www.tradexsrl.com\/it\/","name":"Tradex","description":"Marcatura laser e inkjet, codifica, etichettatura prodotti","potentialAction":[{"@type":"SearchAction","target":{"@type":"EntryPoint","urlTemplate":"http:\/\/www.tradexsrl.com\/it\/?s={search_term_string}"},"query-input":"required name=search_term_string"}],"inLanguage":"it-IT"}]}},"_links":{"self":[{"href":"https:\/\/www.tradexsrl.com\/it\/wp-json\/wp\/v2\/pages\/591","targetHints":{"allow":["GET"]}}],"collection":[{"href":"https:\/\/www.tradexsrl.com\/it\/wp-json\/wp\/v2\/pages"}],"about":[{"href":"https:\/\/www.tradexsrl.com\/it\/wp-json\/wp\/v2\/types\/page"}],"author":[{"embeddable":true,"href":"https:\/\/www.tradexsrl.com\/it\/wp-json\/wp\/v2\/users\/1"}],"replies":[{"embeddable":true,"href":"https:\/\/www.tradexsrl.com\/it\/wp-json\/wp\/v2\/comments?post=591"}],"version-history":[{"count":7,"href":"https:\/\/www.tradexsrl.com\/it\/wp-json\/wp\/v2\/pages\/591\/revisions"}],"predecessor-version":[{"id":7899,"href":"https:\/\/www.tradexsrl.com\/it\/wp-json\/wp\/v2\/pages\/591\/revisions\/7899"}],"wp:featuredmedia":[{"embeddable":true,"href":"https:\/\/www.tradexsrl.com\/it\/wp-json\/wp\/v2\/media\/592"}],"wp:attachment":[{"href":"https:\/\/www.tradexsrl.com\/it\/wp-json\/wp\/v2\/media?parent=591"}],"curies":[{"name":"wp","href":"https:\/\/api.w.org\/{rel}","templated":true}]}}