{"id":31,"date":"2024-03-29T18:02:51","date_gmt":"2024-03-29T17:02:51","guid":{"rendered":"https:\/\/www.tradexsrl.com\/?page_id=31"},"modified":"2025-07-29T15:52:27","modified_gmt":"2025-07-29T13:52:27","slug":"marcatori-a-getto-di-inchiostro","status":"publish","type":"page","link":"https:\/\/www.tradexsrl.com\/it\/marcatori-a-getto-di-inchiostro\/","title":{"rendered":"Marcatori a getto d&#8217;inchiostro"},"content":{"rendered":"<section class=\"text-cta-block wp-block-acf-text-cta-block-template aligncenter\">\n    <div class=\"container\">\n        <div class=\"row justify-content-center\">\n            <div class=\"col-lg-12\">\n                                <h2>Perch\u00e9 scegliere un marcatore inkjet?<\/h2>\n<p>Perch\u00e9 i marcatori a getto d\u2019inchiostro si basano su un principio semplice ma efficace: sfruttano le propriet\u00e0 di <strong>adesione<\/strong>, <strong>visibilit\u00e0<\/strong> e <strong>resistenza<\/strong> <strong>dell\u2019inchiostro<\/strong> per imprimere codici e informazioni su qualsiasi superficie, senza contatto diretto con il prodotto.<\/p>\n<p>Ci\u00f2 che rende i marcatori inkjet particolarmente versatili \u00e8 la possibilit\u00e0 di scegliere tra numerose formulazioni di inchiostro, sviluppate da aziende come <strong>Linx Printing Technology<\/strong>, <strong>ALE<\/strong>, <strong>Weber<\/strong> e <strong>REA Jet<\/strong>.<br \/>\nQuesti inchiostri sono progettati per aderire in modo duraturo su una <strong>vasta gamma di materiali<\/strong>, dai cavi elettrici alle bottiglie in vetro, dagli astucci in cartoncino ai contenitori in plastica o legno, fino ai prodotti alimentari.<br \/>\nGrazie a questa flessibilit\u00e0, i marcatori a getto d\u2019inchiostro rappresentano una <strong>soluzione di codifica ideale per ogni settore industriale<\/strong>, senza limiti legati al tipo di superficie da marcare.<\/p>\n<p>&nbsp;<\/p>\n<p><iframe loading=\"lazy\" title=\"Tradex: gamma Linx\" width=\"750\" height=\"422\" src=\"https:\/\/www.youtube.com\/embed\/dXSVffSybks?feature=oembed\" frameborder=\"0\" allow=\"accelerometer; autoplay; clipboard-write; encrypted-media; gyroscope; picture-in-picture; web-share\" referrerpolicy=\"strict-origin-when-cross-origin\" allowfullscreen><\/iframe><\/p>\n<p>&nbsp;<\/p>\n            <\/div>\n        <\/div>\n    <\/div>\n<\/section>\n\n<section class=\"text-cta-block wp-block-acf-text-cta-block-template\">\n    <div class=\"container\">\n        <div class=\"row justify-content-center\">\n            <div class=\"col-lg-12\">\n                                <h2>Marcatori a getto d\u2019inchiostro per il settore food<\/h2>\n<p>In Tradex offriamo un\u2019ampia gamma di marcatori a getto d\u2019inchiostro pensati per il <a href=\"https:\/\/www.tradexsrl.com\/it\/settori\/marcatori-alimentari\/\">settore alimentare<\/a>, dotati di <strong>inchiostri compatibili, atossici e certificati secondo gli standard FDA<\/strong>, ideali per garantire sicurezza e conformit\u00e0.<\/p>\n<p>A questi si affiancano i <strong>marcatori inkjet a trasferimento termico<\/strong>, perfetti per la stampa su <strong>packaging flessibile<\/strong>. Sono in grado di realizzare messaggi alfanumerici, grafiche e codici a barre direttamente su film per snack, prodotti da forno e confezioni imbustate, assicurando risultati nitidi e resistenti.<\/p>\n            <\/div>\n        <\/div>\n    <\/div>\n<\/section>\n\n<section id=\"contact-us\" class=\"contact-form-block wp-block-acf-contact-form-block-template\">\n    <div class=\"container\">\n        <div class=\"row justify-content-center\">\n            <div class=\"col-lg-12\">\n                <h2>Vuoi maggiori informazioni?<\/h2>\n                <div class=\"subtitle\">\n                    <p><strong>Contattaci, un nostro responsabile ti risponder\u00e0 al pi\u00f9 presto!<\/strong><br>Richiedi un preventivo gratuito, una campionatura o un test di stampa direttamente sulla tua linea di produzione.<\/p>                <\/div>\n                <form id=\"contact-form\" class=\"mt-5\" action=\"\">\n                    <div class=\"row\">\n                        <div class=\"col-md-6 mt-3\">\n                            <div class=\"form-group\">\n                                <label for=\"contact-name\">Nome e Cognome *<\/label>\n                                <input class=\"form-control\" type=\"text\" id=\"contact-name\" required>\n                            <\/div>\n                        <\/div>\n                        <div class=\"col-md-6 mt-3\">\n                            <div class=\"form-group\">\n                                <label for=\"contact-company\">Azienda *<\/label>\n                                <input class=\"form-control\" type=\"text\" id=\"contact-company\" required>\n                            <\/div>\n                        <\/div>\n                        <div class=\"col-md-6 mt-3\">\n                            <div class=\"form-group\">\n                                <label for=\"contact-email\">Email *<\/label>\n                                <input class=\"form-control\" type=\"email\" id=\"contact-email\" required>\n                            <\/div>\n                        <\/div>\n                        <div class=\"col-md-6 mt-3\">\n                            <div class=\"form-group\">\n                                <label for=\"contact-phone\">Telefono *<\/label>\n                                <input class=\"form-control\" id=\"contact-phone\" type=\"phone\" required>\n                            <\/div>\n                        <\/div>\n                        <div class=\"col-md-12 mt-3\">\n                            <div class=\"form-group\">\n                                <label for=\"contact-message\">Note *<\/label>\n                                <textarea class=\"form-control\" id=\"contact-message\" rows=\"5\" required><\/textarea>\n                            <\/div>\n                        <\/div>\n                        <div class=\"col-lg-6 mt-3 mb-lg-5\">\n                            <div class=\"form-check\">\n                                <input class=\"form-check-input\" required type=\"checkbox\" value=\"yes\" id=\"contact-privacy\">\n                                <label class=\"form-check-label\" for=\"contact-privacy\">\n                                    Consento al trattamento dei miei dati personali ai sensi dell&#8217;art. 13 del Regolamento UE n. 2016\/679 (<a target=\"_blank\" href=\"https:\/\/www.iubenda.com\/privacy-policy\/73238819\">Privacy policy<\/a>)                                 <\/label>\n                            <\/div>\n                        <\/div>\n                        <div class=\"col-lg-6 mt-3 mb-5\">\n                            <div class=\"form-check\">\n                                <input class=\"form-check-input\" type=\"checkbox\" value=\"yes\" id=\"contact-marketing\">\n                                <label class=\"form-check-label\" for=\"contact-marketing\">\n                                    Autorizzo il trattamento dei dati personali per l&#8217;invio di materiale informativo e pubblicitario come indicato nella <a target=\"_blank\" href=\"https:\/\/www.iubenda.com\/privacy-policy\/73238819\">Privacy policy<\/a>                                 <\/label>\n                            <\/div>\n                        <\/div>\n                    <\/div>\n                    <button data-wait=\"Attendere...\" id=\"submit-btn\" class=\"btn btn-primary big-text-btn w-100\">\n                        Contattaci                    <\/button>\n                    <div id=\"message-contact-form\" class=\"alert mt-5\" style=\"display:none;\"><\/div>\n                <\/form>\n            <\/div>\n        <\/div>\n    <\/div>\n<\/section>","protected":false},"excerpt":{"rendered":"","protected":false},"author":1,"featured_media":8018,"parent":0,"menu_order":0,"comment_status":"closed","ping_status":"closed","template":"template-product-category.php","meta":{"footnotes":""},"class_list":["post-31","page","type-page","status-publish","has-post-thumbnail","hentry"],"yoast_head":"<!-- This site is optimized with the Yoast SEO plugin v22.6 - https:\/\/yoast.com\/wordpress\/plugins\/seo\/ -->\n<title>Marcatori a getto d&#039;inchiostro inkjet - Tradex<\/title>\n<meta name=\"description\" content=\"I marcatori a getto d\u2019inchiostro, o inkjet, sono la tecnologia pi\u00f9 utilizzata per codificare i prodotti. Scopri le soluzioni Tradex!\" \/>\n<meta name=\"robots\" content=\"index, follow, max-snippet:-1, max-image-preview:large, max-video-preview:-1\" \/>\n<link rel=\"canonical\" href=\"https:\/\/www.tradexsrl.com\/it\/marcatori-a-getto-di-inchiostro\/\" \/>\n<meta property=\"og:locale\" content=\"it_IT\" \/>\n<meta property=\"og:type\" content=\"article\" \/>\n<meta property=\"og:title\" content=\"Marcatori a getto d&#039;inchiostro inkjet - Tradex\" \/>\n<meta property=\"og:description\" content=\"I marcatori a getto d\u2019inchiostro, o inkjet, sono la tecnologia pi\u00f9 utilizzata per codificare i prodotti. Scopri le soluzioni Tradex!\" \/>\n<meta property=\"og:url\" content=\"https:\/\/www.tradexsrl.com\/it\/marcatori-a-getto-di-inchiostro\/\" \/>\n<meta property=\"og:site_name\" content=\"Tradex\" \/>\n<meta property=\"article:modified_time\" content=\"2025-07-29T13:52:27+00:00\" \/>\n<meta property=\"og:image\" content=\"https:\/\/www.tradexsrl.com\/it\/wp-content\/uploads\/2024\/10\/linx.jpg\" \/>\n\t<meta property=\"og:image:width\" content=\"1000\" \/>\n\t<meta property=\"og:image:height\" content=\"550\" \/>\n\t<meta property=\"og:image:type\" content=\"image\/jpeg\" \/>\n<meta name=\"twitter:card\" content=\"summary_large_image\" \/>\n<meta name=\"twitter:label1\" content=\"Tempo di lettura stimato\" \/>\n\t<meta name=\"twitter:data1\" content=\"1 minuto\" \/>\n<script type=\"application\/ld+json\" class=\"yoast-schema-graph\">{\"@context\":\"https:\/\/schema.org\",\"@graph\":[{\"@type\":\"WebPage\",\"@id\":\"https:\/\/www.tradexsrl.com\/it\/marcatori-a-getto-di-inchiostro\/\",\"url\":\"https:\/\/www.tradexsrl.com\/it\/marcatori-a-getto-di-inchiostro\/\",\"name\":\"Marcatori a getto d'inchiostro inkjet - Tradex\",\"isPartOf\":{\"@id\":\"http:\/\/www.tradexsrl.com\/it\/#website\"},\"primaryImageOfPage\":{\"@id\":\"https:\/\/www.tradexsrl.com\/it\/marcatori-a-getto-di-inchiostro\/#primaryimage\"},\"image\":{\"@id\":\"https:\/\/www.tradexsrl.com\/it\/marcatori-a-getto-di-inchiostro\/#primaryimage\"},\"thumbnailUrl\":\"https:\/\/www.tradexsrl.com\/it\/wp-content\/uploads\/2024\/10\/linx.jpg\",\"datePublished\":\"2024-03-29T17:02:51+00:00\",\"dateModified\":\"2025-07-29T13:52:27+00:00\",\"description\":\"I marcatori a getto d\u2019inchiostro, o inkjet, sono la tecnologia pi\u00f9 utilizzata per codificare i prodotti. Scopri le soluzioni Tradex!\",\"breadcrumb\":{\"@id\":\"https:\/\/www.tradexsrl.com\/it\/marcatori-a-getto-di-inchiostro\/#breadcrumb\"},\"inLanguage\":\"it-IT\",\"potentialAction\":[{\"@type\":\"ReadAction\",\"target\":[\"https:\/\/www.tradexsrl.com\/it\/marcatori-a-getto-di-inchiostro\/\"]}]},{\"@type\":\"ImageObject\",\"inLanguage\":\"it-IT\",\"@id\":\"https:\/\/www.tradexsrl.com\/it\/marcatori-a-getto-di-inchiostro\/#primaryimage\",\"url\":\"https:\/\/www.tradexsrl.com\/it\/wp-content\/uploads\/2024\/10\/linx.jpg\",\"contentUrl\":\"https:\/\/www.tradexsrl.com\/it\/wp-content\/uploads\/2024\/10\/linx.jpg\",\"width\":1000,\"height\":550,\"caption\":\"marcatori a getto d'inchiostro\"},{\"@type\":\"BreadcrumbList\",\"@id\":\"https:\/\/www.tradexsrl.com\/it\/marcatori-a-getto-di-inchiostro\/#breadcrumb\",\"itemListElement\":[{\"@type\":\"ListItem\",\"position\":1,\"name\":\"Tradex\",\"item\":\"https:\/\/www.tradexsrl.com\/it\/\"},{\"@type\":\"ListItem\",\"position\":2,\"name\":\"Marcatori a getto d&#8217;inchiostro\"}]},{\"@type\":\"WebSite\",\"@id\":\"http:\/\/www.tradexsrl.com\/it\/#website\",\"url\":\"http:\/\/www.tradexsrl.com\/it\/\",\"name\":\"Tradex\",\"description\":\"Marcatura laser e inkjet, codifica, etichettatura prodotti\",\"potentialAction\":[{\"@type\":\"SearchAction\",\"target\":{\"@type\":\"EntryPoint\",\"urlTemplate\":\"http:\/\/www.tradexsrl.com\/it\/?s={search_term_string}\"},\"query-input\":\"required name=search_term_string\"}],\"inLanguage\":\"it-IT\"}]}<\/script>\n<!-- \/ Yoast SEO plugin. -->","yoast_head_json":{"title":"Marcatori a getto d'inchiostro inkjet - Tradex","description":"I marcatori a getto d\u2019inchiostro, o inkjet, sono la tecnologia pi\u00f9 utilizzata per codificare i prodotti. Scopri le soluzioni Tradex!","robots":{"index":"index","follow":"follow","max-snippet":"max-snippet:-1","max-image-preview":"max-image-preview:large","max-video-preview":"max-video-preview:-1"},"canonical":"https:\/\/www.tradexsrl.com\/it\/marcatori-a-getto-di-inchiostro\/","og_locale":"it_IT","og_type":"article","og_title":"Marcatori a getto d'inchiostro inkjet - Tradex","og_description":"I marcatori a getto d\u2019inchiostro, o inkjet, sono la tecnologia pi\u00f9 utilizzata per codificare i prodotti. Scopri le soluzioni Tradex!","og_url":"https:\/\/www.tradexsrl.com\/it\/marcatori-a-getto-di-inchiostro\/","og_site_name":"Tradex","article_modified_time":"2025-07-29T13:52:27+00:00","og_image":[{"width":1000,"height":550,"url":"https:\/\/www.tradexsrl.com\/it\/wp-content\/uploads\/2024\/10\/linx.jpg","type":"image\/jpeg"}],"twitter_card":"summary_large_image","twitter_misc":{"Tempo di lettura stimato":"1 minuto"},"schema":{"@context":"https:\/\/schema.org","@graph":[{"@type":"WebPage","@id":"https:\/\/www.tradexsrl.com\/it\/marcatori-a-getto-di-inchiostro\/","url":"https:\/\/www.tradexsrl.com\/it\/marcatori-a-getto-di-inchiostro\/","name":"Marcatori a getto d'inchiostro inkjet - Tradex","isPartOf":{"@id":"http:\/\/www.tradexsrl.com\/it\/#website"},"primaryImageOfPage":{"@id":"https:\/\/www.tradexsrl.com\/it\/marcatori-a-getto-di-inchiostro\/#primaryimage"},"image":{"@id":"https:\/\/www.tradexsrl.com\/it\/marcatori-a-getto-di-inchiostro\/#primaryimage"},"thumbnailUrl":"https:\/\/www.tradexsrl.com\/it\/wp-content\/uploads\/2024\/10\/linx.jpg","datePublished":"2024-03-29T17:02:51+00:00","dateModified":"2025-07-29T13:52:27+00:00","description":"I marcatori a getto d\u2019inchiostro, o inkjet, sono la tecnologia pi\u00f9 utilizzata per codificare i prodotti. Scopri le soluzioni Tradex!","breadcrumb":{"@id":"https:\/\/www.tradexsrl.com\/it\/marcatori-a-getto-di-inchiostro\/#breadcrumb"},"inLanguage":"it-IT","potentialAction":[{"@type":"ReadAction","target":["https:\/\/www.tradexsrl.com\/it\/marcatori-a-getto-di-inchiostro\/"]}]},{"@type":"ImageObject","inLanguage":"it-IT","@id":"https:\/\/www.tradexsrl.com\/it\/marcatori-a-getto-di-inchiostro\/#primaryimage","url":"https:\/\/www.tradexsrl.com\/it\/wp-content\/uploads\/2024\/10\/linx.jpg","contentUrl":"https:\/\/www.tradexsrl.com\/it\/wp-content\/uploads\/2024\/10\/linx.jpg","width":1000,"height":550,"caption":"marcatori a getto d'inchiostro"},{"@type":"BreadcrumbList","@id":"https:\/\/www.tradexsrl.com\/it\/marcatori-a-getto-di-inchiostro\/#breadcrumb","itemListElement":[{"@type":"ListItem","position":1,"name":"Tradex","item":"https:\/\/www.tradexsrl.com\/it\/"},{"@type":"ListItem","position":2,"name":"Marcatori a getto d&#8217;inchiostro"}]},{"@type":"WebSite","@id":"http:\/\/www.tradexsrl.com\/it\/#website","url":"http:\/\/www.tradexsrl.com\/it\/","name":"Tradex","description":"Marcatura laser e inkjet, codifica, etichettatura prodotti","potentialAction":[{"@type":"SearchAction","target":{"@type":"EntryPoint","urlTemplate":"http:\/\/www.tradexsrl.com\/it\/?s={search_term_string}"},"query-input":"required name=search_term_string"}],"inLanguage":"it-IT"}]}},"_links":{"self":[{"href":"https:\/\/www.tradexsrl.com\/it\/wp-json\/wp\/v2\/pages\/31","targetHints":{"allow":["GET"]}}],"collection":[{"href":"https:\/\/www.tradexsrl.com\/it\/wp-json\/wp\/v2\/pages"}],"about":[{"href":"https:\/\/www.tradexsrl.com\/it\/wp-json\/wp\/v2\/types\/page"}],"author":[{"embeddable":true,"href":"https:\/\/www.tradexsrl.com\/it\/wp-json\/wp\/v2\/users\/1"}],"replies":[{"embeddable":true,"href":"https:\/\/www.tradexsrl.com\/it\/wp-json\/wp\/v2\/comments?post=31"}],"version-history":[{"count":24,"href":"https:\/\/www.tradexsrl.com\/it\/wp-json\/wp\/v2\/pages\/31\/revisions"}],"predecessor-version":[{"id":11055,"href":"https:\/\/www.tradexsrl.com\/it\/wp-json\/wp\/v2\/pages\/31\/revisions\/11055"}],"wp:featuredmedia":[{"embeddable":true,"href":"https:\/\/www.tradexsrl.com\/it\/wp-json\/wp\/v2\/media\/8018"}],"wp:attachment":[{"href":"https:\/\/www.tradexsrl.com\/it\/wp-json\/wp\/v2\/media?parent=31"}],"curies":[{"name":"wp","href":"https:\/\/api.w.org\/{rel}","templated":true}]}}